{"id":5,"date":"2021-03-12T19:32:25","date_gmt":"2021-03-12T19:32:25","guid":{"rendered":"http:\/\/justinaszilinskas.lt\/presas\/?page_id=5"},"modified":"2026-02-12T12:19:28","modified_gmt":"2026-02-12T12:19:28","slug":"create-your-website-with-blocks","status":"publish","type":"page","link":"https:\/\/justinaszilinskas.lt\/","title":{"rendered":"Prad\u017eia"},"content":{"rendered":"\n<h1 class=\"alignwide has-text-align-center has-text-align-wide has-gigantic-font-size\" style=\"line-height:1.1\">Sveiki u\u017esuk\u0119!<\/h1>\n\n\n\n<div class=\"wp-block-image is-style-twentytwentyone-image-frame\"><figure class=\"alignleft size-large is-resized\"><a href=\"http:\/\/justinaszilinskas.lt\/presas\/index.php\/about\/\"><img loading=\"lazy\" src=\"http:\/\/justinaszilinskas.lt\/presas\/wp-content\/uploads\/2021\/03\/50882512_10156882644814449_7006222163887783936_o-1024x1024.jpg\" alt=\"\" class=\"wp-image-68\" width=\"378\" height=\"378\" srcset=\"https:\/\/justinaszilinskas.lt\/wp-content\/uploads\/2021\/03\/50882512_10156882644814449_7006222163887783936_o-1024x1024.jpg 1024w, https:\/\/justinaszilinskas.lt\/wp-content\/uploads\/2021\/03\/50882512_10156882644814449_7006222163887783936_o-300x300.jpg 300w, https:\/\/justinaszilinskas.lt\/wp-content\/uploads\/2021\/03\/50882512_10156882644814449_7006222163887783936_o-150x150.jpg 150w, https:\/\/justinaszilinskas.lt\/wp-content\/uploads\/2021\/03\/50882512_10156882644814449_7006222163887783936_o-768x768.jpg 768w, https:\/\/justinaszilinskas.lt\/wp-content\/uploads\/2021\/03\/50882512_10156882644814449_7006222163887783936_o.jpg 1250w\" sizes=\"(max-width: 378px) 100vw, 378px\" \/><\/a><\/figure><\/div>\n\n\n\n<p class=\"has-text-align-center\"><\/p>\n\n\n\n<p class=\"has-text-align-left\">A\u0161 &#8211; Justinas, o \u010dia &#8211; kukl\u016bs mano knyg\u0173 bei k\u016brybos namai internete. Vaik\u0161\u010diokite, skaitykite, klausykite, ie\u0161kokite, permanykite! <\/p>\n\n\n\n<div class=\"wp-block-image is-style-twentytwentyone-image-frame\"><figure class=\"alignright size-large\"><a href=\"https:\/\/justinaszilinskas.lt\/index.php\/tylene\/\"><img loading=\"lazy\" width=\"500\" height=\"769\" src=\"http:\/\/justinaszilinskas.lt\/wp-content\/uploads\/2026\/02\/tylene_500.jpeg\" alt=\"\" class=\"wp-image-364\" srcset=\"https:\/\/justinaszilinskas.lt\/wp-content\/uploads\/2026\/02\/tylene_500.jpeg 500w, https:\/\/justinaszilinskas.lt\/wp-content\/uploads\/2026\/02\/tylene_500-195x300.jpeg 195w\" sizes=\"(max-width: 500px) 100vw, 500px\" \/><\/a><figcaption>Naujausia knyga! <\/figcaption><\/figure><\/div>\n\n\n\n<figure class=\"wp-block-image size-medium is-resized is-style-twentytwentyone-image-frame\"><a href=\"http:\/\/justinaszilinskas.lt\/index.php\/balti-marskineliai\/\"><img src=\"http:\/\/justinaszilinskas.lt\/wp-content\/uploads\/2024\/03\/Perziurai-ok-Zilinskas-Balti-M-LT-CD-AB-2mm-uzlaidos_A-300x300.jpg\" alt=\"Balti mar\u0161kin\u0117liai. Muzikos albumas\" class=\"wp-image-332\" width=\"350\" srcset=\"https:\/\/justinaszilinskas.lt\/wp-content\/uploads\/2024\/03\/Perziurai-ok-Zilinskas-Balti-M-LT-CD-AB-2mm-uzlaidos_A-300x300.jpg 300w, https:\/\/justinaszilinskas.lt\/wp-content\/uploads\/2024\/03\/Perziurai-ok-Zilinskas-Balti-M-LT-CD-AB-2mm-uzlaidos_A-1024x1024.jpg 1024w, https:\/\/justinaszilinskas.lt\/wp-content\/uploads\/2024\/03\/Perziurai-ok-Zilinskas-Balti-M-LT-CD-AB-2mm-uzlaidos_A-150x150.jpg 150w, https:\/\/justinaszilinskas.lt\/wp-content\/uploads\/2024\/03\/Perziurai-ok-Zilinskas-Balti-M-LT-CD-AB-2mm-uzlaidos_A-768x768.jpg 768w, https:\/\/justinaszilinskas.lt\/wp-content\/uploads\/2024\/03\/Perziurai-ok-Zilinskas-Balti-M-LT-CD-AB-2mm-uzlaidos_A.jpg 1524w\" sizes=\"(max-width: 300px) 100vw, 300px\" \/><\/a><figcaption>Balad\u017ei\u0173 albumas<\/figcaption><\/figure>\n\n\n\n<div class=\"wp-block-image alignfull size-medium is-style-twentytwentyone-image-frame\"><figure class=\"aligncenter size-full is-resized\"><a href=\"http:\/\/justinaszilinskas.lt\/index.php\/kauko-gugio-trilogija\/\"><img src=\"http:\/\/justinaszilinskas.lt\/wp-content\/uploads\/2023\/08\/Gugis3-e1690965189905.jpg\" alt=\"Kaukas Gugis ir siel\u0173 akmuo\" class=\"wp-image-253\" width=\"371\"\/><\/a><\/figure><\/div>\n\n\n\n<div class=\"wp-block-columns alignwide is-style-twentytwentyone-columns-overlap\">\n<div class=\"wp-block-column is-vertically-aligned-center\">\n<div style=\"height:100px\" aria-hidden=\"true\" class=\"wp-block-spacer\"><\/div>\n\n\n\n<div class=\"wp-block-image is-style-twentytwentyone-image-frame\"><figure class=\"aligncenter size-large\"><a href=\"http:\/\/justinaszilinskas.lt\/index.php\/sample-page\/\"><img loading=\"lazy\" width=\"302\" height=\"428\" src=\"http:\/\/justinaszilinskas.lt\/wp-content\/uploads\/2021\/03\/24-1.jpg\" alt=\"\" class=\"wp-image-44\" srcset=\"https:\/\/justinaszilinskas.lt\/wp-content\/uploads\/2021\/03\/24-1.jpg 302w, https:\/\/justinaszilinskas.lt\/wp-content\/uploads\/2021\/03\/24-1-212x300.jpg 212w\" sizes=\"(max-width: 302px) 100vw, 302px\" \/><\/a><\/figure><\/div>\n<\/div>\n\n\n\n<div class=\"wp-block-column\">\n<div class=\"wp-block-image alignfull size-full is-style-twentytwentyone-image-frame\"><figure class=\"aligncenter size-large\"><a href=\"https:\/\/www.auksozuvys.lt\/products\/begliai\" target=\"_blank\" rel=\"noopener\"><img loading=\"lazy\" width=\"302\" height=\"420\" src=\"http:\/\/justinaszilinskas.lt\/wp-content\/uploads\/2022\/10\/begliai_302.jpg\" alt=\"\" class=\"wp-image-225\" srcset=\"https:\/\/justinaszilinskas.lt\/wp-content\/uploads\/2022\/10\/begliai_302.jpg 302w, https:\/\/justinaszilinskas.lt\/wp-content\/uploads\/2022\/10\/begliai_302-216x300.jpg 216w\" sizes=\"(max-width: 302px) 100vw, 302px\" \/><\/a><\/figure><\/div>\n\n\n\n<p><\/p>\n\n\n\n<p class=\"has-text-align-center\">Ir kitos <a href=\"http:\/\/justinaszilinskas.lt\/index.php\/sample-page\/\">nuotykingos istorijos<\/a>&#8230;<\/p>\n<\/div>\n<\/div>\n\n\n\n<p><\/p>\n\n\n\n<div class=\"wp-block-columns alignwide are-vertically-aligned-top\">\n<div class=\"wp-block-column is-vertically-aligned-top\">\n<h3><a href=\"http:\/\/justinaszilinskas.lt\/index.php\/sample-page\/\">Knygos<\/a><\/h3>\n\n\n\n<p>Ten rasite nuorodas \u012f mano knygas, taip pat &#8211; kur jas galima \u012fsigyti ar paklausyti.<\/p>\n<\/div>\n\n\n\n<div class=\"wp-block-column is-vertically-aligned-top\">\n<h3><a href=\"http:\/\/justinaszilinskas.lt\/index.php\/blog\/\">Pastabos<\/a><\/h3>\n\n\n\n<p>Improvizuotas tinklara\u0161tis, nuorodos \u012f publicistinius tekstus. Turb\u016bt bus gyviausia vieta<\/p>\n<\/div>\n\n\n\n<div class=\"wp-block-column is-vertically-aligned-top\">\n<h3><a href=\"http:\/\/justinaszilinskas.lt\/index.php\/lyrikos\/\">Lyrikos<\/a><\/h3>\n\n\n\n<p>Kartais eiliuoju, kartais ir dainas dainuoju. Kartais \u010dia k\u0105 nors padedu.<\/p>\n<\/div>\n<\/div>\n\n\n\n<div class=\"wp-block-cover alignwide has-green-background-color has-background-dim is-style-twentytwentyone-border\" style=\"min-height:248px\"><div class=\"wp-block-cover__inner-container\">\n<p class=\"has-huge-font-size\">::<\/p>\n<\/div><\/div>\n","protected":false},"excerpt":{"rendered":"<p>Sveiki u\u017esuk\u0119! A\u0161 &#8211; Justinas, o \u010dia &#8211; kukl\u016bs mano knyg\u0173 bei k\u016brybos namai internete. Vaik\u0161\u010diokite, skaitykite, klausykite, ie\u0161kokite, permanykite! Ir kitos nuotykingos istorijos&#8230; Knygos Ten rasite nuorodas \u012f mano knygas, taip pat &#8211; kur jas galima \u012fsigyti ar paklausyti. Pastabos Improvizuotas tinklara\u0161tis, nuorodos \u012f publicistinius tekstus. Turb\u016bt bus gyviausia vieta Lyrikos Kartais eiliuoju, kartais&hellip; <a class=\"more-link\" href=\"https:\/\/justinaszilinskas.lt\/\">Continue reading <span class=\"screen-reader-text\">Prad\u017eia<\/span><\/a><\/p>\n","protected":false},"author":1,"featured_media":0,"parent":0,"menu_order":0,"comment_status":"closed","ping_status":"closed","template":"","meta":[],"_links":{"self":[{"href":"https:\/\/justinaszilinskas.lt\/index.php\/wp-json\/wp\/v2\/pages\/5"}],"collection":[{"href":"https:\/\/justinaszilinskas.lt\/index.php\/wp-json\/wp\/v2\/pages"}],"about":[{"href":"https:\/\/justinaszilinskas.lt\/index.php\/wp-json\/wp\/v2\/types\/page"}],"author":[{"embeddable":true,"href":"https:\/\/justinaszilinskas.lt\/index.php\/wp-json\/wp\/v2\/users\/1"}],"replies":[{"embeddable":true,"href":"https:\/\/justinaszilinskas.lt\/index.php\/wp-json\/wp\/v2\/comments?post=5"}],"version-history":[{"count":59,"href":"https:\/\/justinaszilinskas.lt\/index.php\/wp-json\/wp\/v2\/pages\/5\/revisions"}],"predecessor-version":[{"id":365,"href":"https:\/\/justinaszilinskas.lt\/index.php\/wp-json\/wp\/v2\/pages\/5\/revisions\/365"}],"wp:attachment":[{"href":"https:\/\/justinaszilinskas.lt\/index.php\/wp-json\/wp\/v2\/media?parent=5"}],"curies":[{"name":"wp","href":"https:\/\/api.w.org\/{rel}","templated":true}]}}