{"id":119,"date":"2021-03-22T11:38:03","date_gmt":"2021-03-22T11:38:03","guid":{"rendered":"http:\/\/justinaszilinskas.lt\/presas\/?page_id=119"},"modified":"2021-11-29T08:37:36","modified_gmt":"2021-11-29T08:37:36","slug":"knygiukai","status":"publish","type":"page","link":"http:\/\/justinaszilinskas.lt\/index.php\/knygiukai\/","title":{"rendered":"Knygiukai"},"content":{"rendered":"\n<figure class=\"wp-block-image size-large is-style-twentytwentyone-image-frame\"><img loading=\"lazy\" width=\"1024\" height=\"719\" src=\"http:\/\/justinaszilinskas.lt\/presas\/wp-content\/uploads\/2021\/03\/Screenshot-2021-03-22-at-14.15.00-1024x719.png\" alt=\"\" class=\"wp-image-132\" srcset=\"http:\/\/justinaszilinskas.lt\/wp-content\/uploads\/2021\/03\/Screenshot-2021-03-22-at-14.15.00-1024x719.png 1024w, http:\/\/justinaszilinskas.lt\/wp-content\/uploads\/2021\/03\/Screenshot-2021-03-22-at-14.15.00-300x211.png 300w, http:\/\/justinaszilinskas.lt\/wp-content\/uploads\/2021\/03\/Screenshot-2021-03-22-at-14.15.00-768x539.png 768w, http:\/\/justinaszilinskas.lt\/wp-content\/uploads\/2021\/03\/Screenshot-2021-03-22-at-14.15.00.png 1382w\" sizes=\"(max-width: 1024px) 100vw, 1024px\" \/><\/figure>\n\n\n\n<p>Knygiukai &#8211; tai ma\u017eyt\u0117s, i\u0161 A4 dyd\u017eio knygel\u0117s, kurias galite atsispausdinti ir skaityti. Jos skirtos ma\u017eiausiems skaitytojams ir j\u0173 t\u0117veliams. Knygiuk\u0173 id\u0117j\u0105 \u012f pasaul\u012f paleido V\u0160\u012e &#8220;Vaiko psichologijos centras&#8221;, prisijung\u0117 V\u0160\u012e &#8220;Vaik\u0173 \u017eem\u0117&#8221;. \u010cia j\u016bs rasite trys mano knygiukus, kuriuos galite atsisi\u0173sti ir skaityti, taip pat ir nuorod\u0105 \u012f daug labai gra\u017ei\u0173 kit\u0173 autori\u0173 knygiuk\u0173.<\/p>\n\n\n\n<p><strong>Instrukcija<\/strong>, kaip pasidaryti knygiuk\u0105:<\/p>\n\n\n\n<div class=\"wp-block-file\"><a href=\"http:\/\/justinaszilinskas.lt\/wp-content\/uploads\/2021\/03\/knygiukai_instrukcija.pdf\">knygiukai_instrukcija<\/a><\/div>\n\n\n\n<p><strong>Knygiukas &#8211; painiotukas<\/strong> (iliustr. Inga Dagil\u0117)<\/p>\n\n\n\n<div class=\"wp-block-file\"><a href=\"http:\/\/justinaszilinskas.lt\/wp-content\/uploads\/2021\/03\/knygiuk_painiotukai.pdf\">knygiuk_painiotukai<\/a><\/div>\n\n\n\n<p><strong>Knygiukas &#8220;Eilin\u0117 mi\u0161rain\u0117&#8221;<\/strong><\/p>\n\n\n\n<div class=\"wp-block-file\"><a href=\"http:\/\/justinaszilinskas.lt\/wp-content\/uploads\/2021\/03\/knygiuk_eilinemisraine.pdf\">knygiuk_eilinemisraine<\/a><\/div>\n\n\n\n<p><strong>Knygiukas &#8220;Nam\u0173ra\u0161tukai&#8221;<\/strong><\/p>\n\n\n\n<div class=\"wp-block-file\"><a href=\"http:\/\/justinaszilinskas.lt\/wp-content\/uploads\/2021\/03\/knygiuk_namurastukai.pdf\">knygiuk_namurastukai<\/a><\/div>\n\n\n\n<p>* * *<\/p>\n\n\n\n<p>Daug daug kit\u0173 autori\u0173 <a href=\"http:\/\/www.knygiukai.lt\">knygiuk\u0173<\/a>.<\/p>\n","protected":false},"excerpt":{"rendered":"<p>Knygiukai &#8211; tai ma\u017eyt\u0117s, i\u0161 A4 dyd\u017eio knygel\u0117s, kurias galite atsispausdinti ir skaityti. Jos skirtos ma\u017eiausiems skaitytojams ir j\u0173 t\u0117veliams. Knygiuk\u0173 id\u0117j\u0105 \u012f pasaul\u012f paleido V\u0160\u012e &#8220;Vaiko psichologijos centras&#8221;, prisijung\u0117 V\u0160\u012e &#8220;Vaik\u0173 \u017eem\u0117&#8221;. \u010cia j\u016bs rasite trys mano knygiukus, kuriuos galite atsisi\u0173sti ir skaityti, taip pat ir nuorod\u0105 \u012f daug labai gra\u017ei\u0173 kit\u0173 autori\u0173 knygiuk\u0173.&hellip; <a class=\"more-link\" href=\"http:\/\/justinaszilinskas.lt\/index.php\/knygiukai\/\">Continue reading <span class=\"screen-reader-text\">Knygiukai<\/span><\/a><\/p>\n","protected":false},"author":1,"featured_media":0,"parent":0,"menu_order":0,"comment_status":"closed","ping_status":"closed","template":"","meta":[],"_links":{"self":[{"href":"http:\/\/justinaszilinskas.lt\/index.php\/wp-json\/wp\/v2\/pages\/119"}],"collection":[{"href":"http:\/\/justinaszilinskas.lt\/index.php\/wp-json\/wp\/v2\/pages"}],"about":[{"href":"http:\/\/justinaszilinskas.lt\/index.php\/wp-json\/wp\/v2\/types\/page"}],"author":[{"embeddable":true,"href":"http:\/\/justinaszilinskas.lt\/index.php\/wp-json\/wp\/v2\/users\/1"}],"replies":[{"embeddable":true,"href":"http:\/\/justinaszilinskas.lt\/index.php\/wp-json\/wp\/v2\/comments?post=119"}],"version-history":[{"count":12,"href":"http:\/\/justinaszilinskas.lt\/index.php\/wp-json\/wp\/v2\/pages\/119\/revisions"}],"predecessor-version":[{"id":222,"href":"http:\/\/justinaszilinskas.lt\/index.php\/wp-json\/wp\/v2\/pages\/119\/revisions\/222"}],"wp:attachment":[{"href":"http:\/\/justinaszilinskas.lt\/index.php\/wp-json\/wp\/v2\/media?parent=119"}],"curies":[{"name":"wp","href":"https:\/\/api.w.org\/{rel}","templated":true}]}}